{"id":432,"date":"2025-07-04T15:22:03","date_gmt":"2025-07-04T15:22:03","guid":{"rendered":"https:\/\/toypoodlehouse.com\/de\/?page_id=432"},"modified":"2025-09-24T23:01:50","modified_gmt":"2025-09-24T23:01:50","slug":"kontaktieren-sie-uns","status":"publish","type":"page","link":"https:\/\/toypoodlehouse.com\/de\/kontaktieren-sie-uns\/","title":{"rendered":"Kontaktieren Sie uns"},"content":{"rendered":"<style>.elementor-432 .elementor-element.elementor-element-6b8d8cc{--display:flex;--padding-top:50px;--padding-bottom:50px;--padding-left:0px;--padding-right:0px;}.elementor-432 .elementor-element.elementor-element-75aaec6{text-align:center;}.elementor-432 .elementor-element.elementor-element-75aaec6.ob-harakiri{writing-mode:inherit;}.elementor-432 .elementor-element.elementor-element-75aaec6.ob-harakiri .elementor-heading-title{writing-mode:inherit;}.elementor-432 .elementor-element.elementor-element-75aaec6.ob-harakiri div{writing-mode:inherit;}.elementor-432 .elementor-element.elementor-element-75aaec6.ob-harakiri > div, .elementor-432 .elementor-element.elementor-element-75aaec6.ob-harakiri > h1, .elementor-432 .elementor-element.elementor-element-75aaec6.ob-harakiri > h2, .elementor-432 .elementor-element.elementor-element-75aaec6.ob-harakiri > h3, .elementor-432 .elementor-element.elementor-element-75aaec6.ob-harakiri > h4, .elementor-432 .elementor-element.elementor-element-75aaec6.ob-harakiri > h5, .elementor-432 .elementor-element.elementor-element-75aaec6.ob-harakiri > h6, .elementor-432 .elementor-element.elementor-element-75aaec6.ob-harakiri > p{transform:rotate(0deg);}.elementor-432 .elementor-element.elementor-element-75aaec6 > div{text-indent:0px;mix-blend-mode:inherit;}.elementor-432 .elementor-element.elementor-element-1e49b64f > .elementor-container > .elementor-column > .elementor-widget-wrap{align-content:center;align-items:center;}.elementor-432 .elementor-element.elementor-element-1e49b64f.ob-is-breaking-bad > .elementor-container{justify-content:flex-start !important;flex-direction:row;}.elementor-432 .elementor-element.elementor-element-1e49b64f.ob-is-breaking-bad.ob-bb-inner > .elementor-container{justify-content:flex-start !important;flex-direction:row;}.elementor-432 .elementor-element.elementor-element-1e49b64f.ob-is-breaking-bad.ob-is-glider > .elementor-container.swiper-vertical{flex-direction:column;}.elementor-432 .elementor-element.elementor-element-1e49b64f.ob-is-breaking-bad.ob-is-glider.ob-bb-inner > .elementor-container.swiper-vertical{flex-direction:column;}.elementor-432 .elementor-element.elementor-element-1e49b64f.ob-is-breaking-bad.ob-bb-inner{width:100%;flex:unset;align-self:inherit;}.elementor-432 .elementor-element.elementor-element-1e49b64f{transition:background 0.3s, border 0.3s, border-radius 0.3s, box-shadow 0.3s;margin-top:20px;margin-bottom:0px;padding:0px 0px 0px 0px;}.elementor-432 .elementor-element.elementor-element-1e49b64f > .elementor-background-overlay{transition:background 0.3s, border-radius 0.3s, opacity 0.3s;}.elementor-432 .elementor-element.elementor-element-ab32a92.elementor-column{align-self:inherit;cursor:default;}.elementor-432 .elementor-element.elementor-element-3717dc12 > .elementor-widget-container{padding:2em 2em 8em 2em;}.elementor-432 .elementor-element.elementor-element-3717dc12{z-index:9;}.elementor-432 .elementor-element.elementor-element-44f64847{--lottie-container-width:100%;bottom:0px;}body:not(.rtl) .elementor-432 .elementor-element.elementor-element-44f64847{left:0px;}body.rtl .elementor-432 .elementor-element.elementor-element-44f64847{right:0px;}.elementor-432 .elementor-element.elementor-element-f7eb06e.elementor-column{align-self:inherit;cursor:default;}.elementor-432 .elementor-element.elementor-element-105a314e iframe{height:550px;}.elementor-432 .elementor-element.elementor-element-5bc337c.elementor-column{max-width:550px;align-self:inherit;cursor:default;}.elementor-432 .elementor-element.elementor-element-5bc337c:not(.elementor-motion-effects-element-type-background) > .elementor-widget-wrap, .elementor-432 .elementor-element.elementor-element-5bc337c > .elementor-widget-wrap > .elementor-motion-effects-container > .elementor-motion-effects-layer{background-color:#F8A8A800;}.elementor-432 .elementor-element.elementor-element-5bc337c > .elementor-element-populated{transition:background 0.3s, border 0.3s, border-radius 0.3s, box-shadow 0.3s;padding:2em 2em 2em 2em;}.elementor-432 .elementor-element.elementor-element-5bc337c > .elementor-element-populated > .elementor-background-overlay{transition:background 0.3s, border-radius 0.3s, opacity 0.3s;}.elementor-432 .elementor-element.elementor-element-432d1913 .eael-feature-list-items.eael-feature-list-horizontal{gap:21px;}.elementor-432 .elementor-element.elementor-element-432d1913 .eael-feature-list-items.eael-feature-list-horizontal[data-layout-tablet=\"vertical\"] .eael-feature-list-item{padding-bottom:calc(21px\/2);}.elementor-432 .elementor-element.elementor-element-432d1913 .eael-feature-list-items.eael-feature-list-vertical .eael-feature-list-item{padding-bottom:calc(21px\/2);}body.rtl .elementor-432 .elementor-element.elementor-element-432d1913 .eael-feature-list-items.eael-feature-list-vertical .eael-feature-list-item:after{left:calc(-21px\/2);}.elementor-432 .elementor-element.elementor-element-432d1913 .eael-feature-list-items.eael-feature-list-vertical.connector-type-modern .eael-feature-list-item:not(:last-child):before{height:calc(100% + 21px);}.elementor-432 .elementor-element.elementor-element-432d1913 .eael-feature-list-items .eael-feature-list-icon-box .eael-feature-list-icon-inner{background-color:#FC0000;}.elementor-432 .elementor-element.elementor-element-432d1913 .eael-feature-list-items .eael-feature-list-icon{color:#FFFFFF;}.elementor-432 .elementor-element.elementor-element-432d1913 .eael-feature-list-items .eael-feature-list-icon svg{fill:#FFFFFF;}.elementor-432 .elementor-element.elementor-element-432d1913 .eael-feature-list-icon-box .eael-feature-list-icon{height:50px;width:50px;padding:15px 15px 15px 15px !important;}.elementor-432 .elementor-element.elementor-element-432d1913 .eael-feature-list-items.connector-type-classic .connector{right:calc(100% - 50px);}.elementor-432 .elementor-element.elementor-element-432d1913 .eael-feature-list-icon-box .eael-feature-list-icon i{font-size:21px !important;}.elementor-432 .elementor-element.elementor-element-432d1913 .eael-feature-list-icon-box .eael-feature-list-icon svg{width:21px !important;height:21px !important;line-height:21px !important;}.elementor-432 .elementor-element.elementor-element-432d1913 .eael-feature-list-icon-box .eael-feature-list-icon img{width:21px;height:21px;}.elementor-432 .elementor-element.elementor-element-432d1913 .eael-feature-list-img{width:21px;height:21px;}.elementor-432 .elementor-element.elementor-element-432d1913 .-icon-position-left .eael-feature-list-content-box, .elementor-432 .elementor-element.elementor-element-432d1913 .-icon-position-right .eael-feature-list-content-box, .elementor-432 .elementor-element.elementor-element-432d1913 .-icon-position-top .eael-feature-list-content-box{margin:16px;}.elementor-432 .elementor-element.elementor-element-432d1913 .eael-feature-list-item .eael-feature-list-title{margin-bottom:0px;}.elementor-432 .elementor-element.elementor-element-432d1913 .eael-feature-list-content-box .eael-feature-list-title, .elementor-432 .elementor-element.elementor-element-432d1913 .eael-feature-list-content-box .eael-feature-list-title > a, .elementor-432 .elementor-element.elementor-element-432d1913 .eael-feature-list-content-box .eael-feature-list-title:visited{color:var( --e-global-color-secondary );}.elementor-432 .elementor-element.elementor-element-432d1913 .eael-feature-list-content-box .eael-feature-list-content{color:var( --e-global-color-secondary );font-size:16px;}html, body{overflow-x:auto;}@media(max-width:1024px){.elementor-432 .elementor-element.elementor-element-432d1913 .-icon-position-left .eael-feature-list-content-box, .elementor-432 .elementor-element.elementor-element-432d1913 .-icon-position-right .eael-feature-list-content-box, .elementor-432 .elementor-element.elementor-element-432d1913 .-icon-position-top .eael-feature-list-content-box{margin:20px;}}@media(max-width:1024px) and (min-width:768px){.elementor-432 .elementor-element.elementor-element-ab32a92{width:100%;}}@media(max-width:767px){.elementor-432 .elementor-element.elementor-element-5bc337c.elementor-column{max-width:100%;}.elementor-432 .elementor-element.elementor-element-5bc337c > .elementor-element-populated{padding:2em 1em 2em 1em;}.elementor-432 .elementor-element.elementor-element-432d1913 .-mobile-icon-position-left .eael-feature-list-content-box{margin:0 0 0 10px !important;}.elementor-432 .elementor-element.elementor-element-432d1913 .-mobile-icon-position-right .eael-feature-list-content-box{margin:0 10px 0 0 !important;}.elementor-432 .elementor-element.elementor-element-432d1913 .-icon-position-left .eael-feature-list-content-box, .elementor-432 .elementor-element.elementor-element-432d1913 .-icon-position-right .eael-feature-list-content-box, .elementor-432 .elementor-element.elementor-element-432d1913 .-icon-position-top .eael-feature-list-content-box{margin:10px;}.elementor-432 .elementor-element.elementor-element-432d1913 .eael-feature-list-content-box .eael-feature-list-content{font-size:14px;}}<\/style>\t\t<div data-elementor-type=\"wp-page\" data-elementor-id=\"432\" class=\"elementor elementor-432\" data-elementor-post-type=\"page\">\n\t\t\t\t<div class=\"elementor-element elementor-element-6b8d8cc e-flex e-con-boxed e-con e-parent\" data-id=\"6b8d8cc\" data-element_type=\"container\" data-e-type=\"container\" data-settings=\"{&quot;_ob_use_container_extras&quot;:&quot;no&quot;,&quot;_ob_column_hoveranimator&quot;:&quot;no&quot;,&quot;_ob_glider_is_slider&quot;:&quot;no&quot;,&quot;_ob_column_has_pseudo&quot;:&quot;no&quot;}\">\n\t\t\t\t\t<div class=\"e-con-inner\">\n\t\t\t\t<div class=\"elementor-element elementor-element-75aaec6 ob-harakiri-inherit ob-has-background-overlay elementor-widget elementor-widget-heading\" data-id=\"75aaec6\" data-element_type=\"widget\" data-e-type=\"widget\" data-settings=\"{&quot;_ob_use_harakiri&quot;:&quot;yes&quot;,&quot;_ob_harakiri_writing_mode&quot;:&quot;inherit&quot;,&quot;_ob_harakiri_text_clip&quot;:&quot;none&quot;,&quot;_ob_perspektive_use&quot;:&quot;no&quot;,&quot;_ob_poopart_use&quot;:&quot;yes&quot;,&quot;_ob_shadough_use&quot;:&quot;no&quot;,&quot;_ob_allow_hoveranimator&quot;:&quot;no&quot;,&quot;_ob_widget_stalker_use&quot;:&quot;no&quot;}\" data-widget_type=\"heading.default\">\n\t\t\t\t<div class=\"elementor-widget-container\">\n\t\t\t\t\t<h1 class=\"elementor-heading-title elementor-size-default\">Kontaktieren Sie uns<\/h1>\t\t\t\t<\/div>\n\t\t\t\t<\/div>\n\t\t\t\t\t<\/div>\n\t\t\t\t<\/div>\n\t\t\t\t<section class=\"ob-is-breaking-bad elementor-section elementor-top-section elementor-element elementor-element-1e49b64f elementor-section-full_width elementor-section-content-middle elementor-section-height-default elementor-section-height-default\" data-id=\"1e49b64f\" data-element_type=\"section\" data-e-type=\"section\" data-settings=\"{&quot;background_background&quot;:&quot;classic&quot;,&quot;_ob_bbad_use_it&quot;:&quot;yes&quot;,&quot;_ob_bbad_sssic_use&quot;:&quot;no&quot;,&quot;_ob_glider_is_slider&quot;:&quot;no&quot;}\">\n\t\t\t\t\t\t<div class=\"elementor-container elementor-column-gap-no\">\n\t\t\t\t\t<div class=\"elementor-column elementor-col-33 elementor-top-column elementor-element elementor-element-ab32a92\" data-id=\"ab32a92\" data-element_type=\"column\" data-e-type=\"column\" data-settings=\"{&quot;_ob_bbad_is_stalker&quot;:&quot;no&quot;,&quot;_ob_teleporter_use&quot;:false,&quot;_ob_column_hoveranimator&quot;:&quot;no&quot;,&quot;_ob_column_has_pseudo&quot;:&quot;no&quot;}\">\n\t\t\t<div class=\"elementor-widget-wrap elementor-element-populated\">\n\t\t\t\t\t\t<div class=\"elementor-element elementor-element-3717dc12 ob-has-background-overlay elementor-widget elementor-widget-image\" data-id=\"3717dc12\" data-element_type=\"widget\" data-e-type=\"widget\" data-settings=\"{&quot;_ob_photomorph_use&quot;:&quot;no&quot;,&quot;_ob_perspektive_use&quot;:&quot;no&quot;,&quot;_ob_poopart_use&quot;:&quot;yes&quot;,&quot;_ob_shadough_use&quot;:&quot;no&quot;,&quot;_ob_allow_hoveranimator&quot;:&quot;no&quot;,&quot;_ob_widget_stalker_use&quot;:&quot;no&quot;}\" data-widget_type=\"image.default\">\n\t\t\t\t<div class=\"elementor-widget-container\">\n\t\t\t\t\t\t\t\t\t\t\t\t\t\t\t<img fetchpriority=\"high\" decoding=\"async\" width=\"2000\" height=\"1334\" src=\"https:\/\/toypoodlehouse.com\/de\/wp-content\/uploads\/2025\/07\/poodle_pic.png\" class=\"attachment-full size-full wp-image-660\" alt=\"\" srcset=\"https:\/\/toypoodlehouse.com\/de\/wp-content\/uploads\/2025\/07\/poodle_pic.png 2000w, https:\/\/toypoodlehouse.com\/de\/wp-content\/uploads\/2025\/07\/poodle_pic-300x200.png 300w, https:\/\/toypoodlehouse.com\/de\/wp-content\/uploads\/2025\/07\/poodle_pic-1024x683.png 1024w, https:\/\/toypoodlehouse.com\/de\/wp-content\/uploads\/2025\/07\/poodle_pic-768x512.png 768w, https:\/\/toypoodlehouse.com\/de\/wp-content\/uploads\/2025\/07\/poodle_pic-1536x1025.png 1536w\" sizes=\"(max-width: 2000px) 100vw, 2000px\" \/>\t\t\t\t\t\t\t\t\t\t\t\t\t\t\t<\/div>\n\t\t\t\t<\/div>\n\t\t\t\t<div class=\"elementor-element elementor-element-44f64847 elementor-absolute elementor-align-center ob-has-background-overlay elementor-widget elementor-widget-lottie\" data-id=\"44f64847\" data-element_type=\"widget\" data-e-type=\"widget\" data-settings=\"{&quot;source_json&quot;:{&quot;url&quot;:&quot;https:\\\/\\\/toypoodlehouse.com\\\/en\\\/wp-content\\\/uploads\\\/2025\\\/07\\\/29429-blobs-founder-challenger.json&quot;,&quot;id&quot;:&quot;422&quot;,&quot;size&quot;:&quot;&quot;},&quot;loop&quot;:&quot;yes&quot;,&quot;lazyload&quot;:&quot;yes&quot;,&quot;_position&quot;:&quot;absolute&quot;,&quot;source&quot;:&quot;media_file&quot;,&quot;caption_source&quot;:&quot;none&quot;,&quot;link_to&quot;:&quot;none&quot;,&quot;trigger&quot;:&quot;arriving_to_viewport&quot;,&quot;viewport&quot;:{&quot;unit&quot;:&quot;%&quot;,&quot;size&quot;:&quot;&quot;,&quot;sizes&quot;:{&quot;start&quot;:0,&quot;end&quot;:100}},&quot;play_speed&quot;:{&quot;unit&quot;:&quot;px&quot;,&quot;size&quot;:1,&quot;sizes&quot;:[]},&quot;start_point&quot;:{&quot;unit&quot;:&quot;%&quot;,&quot;size&quot;:0,&quot;sizes&quot;:[]},&quot;end_point&quot;:{&quot;unit&quot;:&quot;%&quot;,&quot;size&quot;:100,&quot;sizes&quot;:[]},&quot;renderer&quot;:&quot;svg&quot;,&quot;_ob_perspektive_use&quot;:&quot;no&quot;,&quot;_ob_poopart_use&quot;:&quot;yes&quot;,&quot;_ob_shadough_use&quot;:&quot;no&quot;,&quot;_ob_allow_hoveranimator&quot;:&quot;no&quot;,&quot;_ob_widget_stalker_use&quot;:&quot;no&quot;}\" data-widget_type=\"lottie.default\">\n\t\t\t\t<div class=\"elementor-widget-container\">\n\t\t\t\t\t<div class=\"e-lottie__container\"><div class=\"e-lottie__animation\"><\/div><\/div>\t\t\t\t<\/div>\n\t\t\t\t<\/div>\n\t\t\t\t\t<\/div>\n\t\t<\/div>\n\t\t\t\t<div class=\"elementor-column elementor-col-33 elementor-top-column elementor-element elementor-element-f7eb06e\" data-id=\"f7eb06e\" data-element_type=\"column\" data-e-type=\"column\" data-settings=\"{&quot;_ob_bbad_is_stalker&quot;:&quot;no&quot;,&quot;_ob_teleporter_use&quot;:false,&quot;_ob_column_hoveranimator&quot;:&quot;no&quot;,&quot;_ob_column_has_pseudo&quot;:&quot;no&quot;}\">\n\t\t\t<div class=\"elementor-widget-wrap elementor-element-populated\">\n\t\t\t\t\t\t<div class=\"elementor-element elementor-element-105a314e ob-has-background-overlay elementor-widget elementor-widget-google_maps\" data-id=\"105a314e\" data-element_type=\"widget\" data-e-type=\"widget\" data-settings=\"{&quot;_ob_perspektive_use&quot;:&quot;no&quot;,&quot;_ob_poopart_use&quot;:&quot;yes&quot;,&quot;_ob_shadough_use&quot;:&quot;no&quot;,&quot;_ob_allow_hoveranimator&quot;:&quot;no&quot;,&quot;_ob_widget_stalker_use&quot;:&quot;no&quot;}\" data-widget_type=\"google_maps.default\">\n\t\t\t\t<div class=\"elementor-widget-container\">\n\t\t\t\t\t\t\t<div class=\"elementor-custom-embed\">\n\t\t\t<iframe loading=\"lazy\"\n\t\t\t\t\tsrc=\"https:\/\/maps.google.com\/maps?q=ATAT%C3%9CRK%20MAHALLESI%20ATASEHIR%20BULVARI%20ATA%202%20%2F2%20NO%3A4%20%C4%B0%C3%87%20KAPI%20NO%3A%2044%20ATA%C5%9EEH%C4%B0R%2F%C4%B0STANBUL&#038;t=m&#038;z=12&#038;output=embed&#038;iwloc=near\"\n\t\t\t\t\ttitle=\"ATAT\u00dcRK MAHALLESI ATASEHIR BULVARI ATA 2 \/2 NO:4 \u0130\u00c7 KAPI NO: 44 ATA\u015eEH\u0130R\/\u0130STANBUL\"\n\t\t\t\t\taria-label=\"ATAT\u00dcRK MAHALLESI ATASEHIR BULVARI ATA 2 \/2 NO:4 \u0130\u00c7 KAPI NO: 44 ATA\u015eEH\u0130R\/\u0130STANBUL\"\n\t\t\t><\/iframe>\n\t\t<\/div>\n\t\t\t\t\t\t<\/div>\n\t\t\t\t<\/div>\n\t\t\t\t\t<\/div>\n\t\t<\/div>\n\t\t\t\t<div class=\"elementor-column elementor-col-33 elementor-top-column elementor-element elementor-element-5bc337c\" data-id=\"5bc337c\" data-element_type=\"column\" data-e-type=\"column\" data-settings=\"{&quot;background_background&quot;:&quot;classic&quot;,&quot;_ob_bbad_is_stalker&quot;:&quot;no&quot;,&quot;_ob_teleporter_use&quot;:false,&quot;_ob_column_hoveranimator&quot;:&quot;no&quot;,&quot;_ob_column_has_pseudo&quot;:&quot;no&quot;}\">\n\t\t\t<div class=\"elementor-widget-wrap elementor-element-populated\">\n\t\t\t\t\t\t<div class=\"elementor-element elementor-element-432d1913 ob-has-background-overlay elementor-widget elementor-widget-eael-feature-list\" data-id=\"432d1913\" data-element_type=\"widget\" data-e-type=\"widget\" data-settings=\"{&quot;_ob_perspektive_use&quot;:&quot;no&quot;,&quot;_ob_poopart_use&quot;:&quot;yes&quot;,&quot;_ob_shadough_use&quot;:&quot;no&quot;,&quot;_ob_allow_hoveranimator&quot;:&quot;no&quot;,&quot;_ob_widget_stalker_use&quot;:&quot;no&quot;}\" data-widget_type=\"eael-feature-list.default\">\n\t\t\t\t<div class=\"elementor-widget-container\">\n\t\t\t\t\t\t\t<div class=\"-icon-position-left -tablet-icon-position-left -mobile-icon-position-left\">\n\t\t\t<ul id=\"eael-feature-list-432d1913\" class=\"eael-feature-list-items circle stacked  eael-feature-list-vertical\" data-layout-tablet=\"vertical\" data-layout-mobile=\"vertical\">\n\t\t\t                <li class=\"eael-feature-list-item elementor-repeater-item-d0b32f9\">\n                    \n\t\t\t\t\t\t<div class=\"eael-feature-list-icon-box\">\n\t\t\t\t\t\t\t<div class=\"eael-feature-list-icon-inner\">\n\n\t\t\t\t\t\t\t\t<span class=\"eael-feature-list-icon fl-icon-0\">\n\n\t\t<svg aria-hidden=\"true\" class=\"e-font-icon-svg e-fas-map-marker-alt\" viewBox=\"0 0 384 512\" xmlns=\"http:\/\/www.w3.org\/2000\/svg\"><path d=\"M172.268 501.67C26.97 291.031 0 269.413 0 192 0 85.961 85.961 0 192 0s192 85.961 192 192c0 77.413-26.97 99.031-172.268 309.67-9.535 13.774-29.93 13.773-39.464 0zM192 272c44.183 0 80-35.817 80-80s-35.817-80-80-80-80 35.817-80 80 35.817 80 80 80z\"><\/path><\/svg>\t\t\t\t\t\t\t\t<\/span>\n\t\t\t\t\t\t\t<\/div>\n\t\t\t\t\t\t<\/div>\n\t\t\t\t\t\t<div class=\"eael-feature-list-content-box\">\n                            <h4 class=\"eael-feature-list-title\">Unser Laden<\/h4>\t\t\t\t\t\t<p class=\"eael-feature-list-content\">Atat\u00fcrk Mah. Ate\u015fehir Bulvar\u0131 Ata 2\/2 No:4 \u0130\u00e7 Kap\u0131 No:44 Ate\u015fehir \/ \u0130STANBUL<\/p>\n\t\t\t\t\t\t<\/div>\n\n\t\t\t\t\t<\/li>\n\t\t\t\t                <li class=\"eael-feature-list-item elementor-repeater-item-c83b972\">\n                    \n\t\t\t\t\t\t<div class=\"eael-feature-list-icon-box\">\n\t\t\t\t\t\t\t<div class=\"eael-feature-list-icon-inner\">\n\n\t\t\t\t\t\t\t\t<a class=\"eael-feature-list-icon fl-icon-1\"href=\"tel:+905327293950\">\n\n\t\t<svg aria-hidden=\"true\" class=\"e-font-icon-svg e-fas-phone-alt\" viewBox=\"0 0 512 512\" xmlns=\"http:\/\/www.w3.org\/2000\/svg\"><path d=\"M497.39 361.8l-112-48a24 24 0 0 0-28 6.9l-49.6 60.6A370.66 370.66 0 0 1 130.6 204.11l60.6-49.6a23.94 23.94 0 0 0 6.9-28l-48-112A24.16 24.16 0 0 0 122.6.61l-104 24A24 24 0 0 0 0 48c0 256.5 207.9 464 464 464a24 24 0 0 0 23.4-18.6l24-104a24.29 24.29 0 0 0-14.01-27.6z\"><\/path><\/svg>\t\t\t\t\t\t\t\t<\/a>\n\t\t\t\t\t\t\t<\/div>\n\t\t\t\t\t\t<\/div>\n\t\t\t\t\t\t<div class=\"eael-feature-list-content-box\">\n                            <h4 class=\"eael-feature-list-title\"><a href=\"tel:+905327293950\">Telefon<\/a><\/h4>\t\t\t\t\t\t<p class=\"eael-feature-list-content\">0532 729 39 50<\/p>\n\t\t\t\t\t\t<\/div>\n\n\t\t\t\t\t<\/li>\n\t\t\t\t\t\t\t<\/ul>\n\t\t<\/div>\n\t\t\t\t\t\t<\/div>\n\t\t\t\t<\/div>\n\t\t\t\t\t<\/div>\n\t\t<\/div>\n\t\t\t\t\t<\/div>\n\t\t<\/section>\n\t\t\t\t<\/div>\n\t\t","protected":false},"excerpt":{"rendered":"<p>Unser Laden Atat\u00fcrk Mah. Ate\u015fehir Bulvar\u0131 Ata 2\/2 No:4 \u0130\u00e7 Kap\u0131 No:44 Ate\u015fehir \/ \u0130STANBUL &lt;ahref=&#8221;tel:+905327293950&#8243;&gt; Telefon 0532 729 39 50<\/p>\n","protected":false},"author":1,"featured_media":0,"parent":0,"menu_order":0,"comment_status":"closed","ping_status":"closed","template":"","meta":{"footnotes":""},"class_list":["post-432","page","type-page","status-publish","hentry"],"_links":{"self":[{"href":"https:\/\/toypoodlehouse.com\/de\/wp-json\/wp\/v2\/pages\/432","targetHints":{"allow":["GET"]}}],"collection":[{"href":"https:\/\/toypoodlehouse.com\/de\/wp-json\/wp\/v2\/pages"}],"about":[{"href":"https:\/\/toypoodlehouse.com\/de\/wp-json\/wp\/v2\/types\/page"}],"author":[{"embeddable":true,"href":"https:\/\/toypoodlehouse.com\/de\/wp-json\/wp\/v2\/users\/1"}],"replies":[{"embeddable":true,"href":"https:\/\/toypoodlehouse.com\/de\/wp-json\/wp\/v2\/comments?post=432"}],"version-history":[{"count":27,"href":"https:\/\/toypoodlehouse.com\/de\/wp-json\/wp\/v2\/pages\/432\/revisions"}],"predecessor-version":[{"id":1140,"href":"https:\/\/toypoodlehouse.com\/de\/wp-json\/wp\/v2\/pages\/432\/revisions\/1140"}],"wp:attachment":[{"href":"https:\/\/toypoodlehouse.com\/de\/wp-json\/wp\/v2\/media?parent=432"}],"curies":[{"name":"wp","href":"https:\/\/api.w.org\/{rel}","templated":true}]}}